{"id":528,"date":"2018-06-08T14:29:04","date_gmt":"2018-06-08T12:29:04","guid":{"rendered":"https:\/\/minoa-itn.fau.de\/?page_id=528"},"modified":"2025-08-28T13:42:38","modified_gmt":"2025-08-28T11:42:38","slug":"impressum","status":"publish","type":"page","link":"https:\/\/minoa-itn.fau.de\/?page_id=528","title":{"rendered":"Legal notice (German)"},"content":{"rendered":"<h2>Herausgeber<\/h2>\n<p>Friedrich-Alexander-Universit\u00e4t Erlangen-N\u00fcrnberg<\/p>\n<address>Schlo\u00dfplatz 4<br \/>\n91054 Erlangen<\/address>\n<ul class=\"person-info\">\n<li class=\"person-info-email\">E-Mail: <a href=\"mailto:poststelle@fau.de\">poststelle@fau.de<\/a><\/li>\n<\/ul>\n<h3>Rechtsform und gesetzliche Vertretung<\/h3>\n<p>K\u00f6rperschaft des \u00d6ffentlichen Rechts. Gesetzliche Vertretung nach au\u00dfen durch Pr\u00e4sident Prof. Dr. Joachim Hornegger.<br \/>\nF\u00fcr namentlich oder mit einem gesonderten Impressum gekennzeichnete Beitr\u00e4ge liegt die Verantwortung bei den jeweiligen Autorinnen und Autoren.<\/p>\n<p><strong>Verantwortlich f\u00fcr den Inhalt<\/strong><\/p>\n<p>Dieses Impressum gilt f\u00fcr den Webauftritt unter der Adresse (www.minoa-itn.fau.de).<\/p>\n<p><strong>Kontakt<\/strong><br \/>\nProf. Dr. Frauke Liers<br \/>\nTelefon: 49 9131 85-67151<br \/>\nFax: +49 9131 85-67162<br \/>\nE-Mail: frauke.liers@fau.de<\/p>\n<p>N\u00fcrnberger Str. 74<br \/>\n91052 Erlangen<\/p>\n<p><strong>Zust\u00e4ndige Aufsichtsbeh\u00f6rde<\/strong><\/p>\n<p>Bayerisches Staatsministerium f\u00fcr Wissenschaft und Kunst<br \/>\nSalvatorstra\u00dfe 2<br \/>\n80327 M\u00fcnchen<\/p>\n<p>Webseite: https:\/\/www.km.bayern.de\/<\/p>\n<p>Identifikationsnummern:<br \/>\nUmsatzsteuer-Identifikationsnummer<br \/>\n(gem\u00e4\u00df \u00a7 27a Umsatzsteuergesetz) DE 132507686<br \/>\nSteuernummer 216\/114\/20045 (Finanzamt Erlangen)<br \/>\nDUNS-Nummer 327958716<br \/>\nEORI-Nummer DE4204891<br \/>\nBankverbindung Bayerische Landesbank M\u00fcnchen<\/p>\n<p>SWIFT\/BIC-Code: BYLADEMMXXX<br \/>\nIBAN: DE66700500000301279280<\/p>\n<p><strong>Sicherheitsvorf\u00e4lle<\/strong><\/p>\n<p>Meldung \u00fcber Missbrauch von Computer- und Netzwerk-Ressourcen<\/p>\n<p>Sollte Ihnen irgendeine Form von Missbrauch der Computer- und Netzwerk-Ressourcen an der Friedrich-Alexander-Universit\u00e4t Erlangen-N\u00fcrnberg auffallen, informieren Sie bitte umgehend die f\u00fcr IT-Sicherheit zust\u00e4ndige Stelle am RRZE.<\/p>\n<p><strong>Nutzungsbedingungen<\/strong><\/p>\n<p>Texte, Bilder, Grafiken sowie die Gestaltung dieser Internetseiten k\u00f6nnen dem Urheberrecht unterliegen.<\/p>\n<p>Nicht urheberrechtlich gesch\u00fctzt sind nach \u00a7 5 des Urheberrechtsgesetz (UrhG)<\/p>\n<ul>\n<li>Gesetze, Verordnungen, amtliche Erlasse und Bekanntmachungen sowie Entscheidungen und amtlich verfasste Leits\u00e4tze zu Entscheidungen und<\/li>\n<li>andere amtliche Werke, die im amtlichen Interesse zur allgemeinen Kenntnisnahme ver\u00f6ffentlicht worden sind, mit der Einschr\u00e4nkung, dass die Bestimmungen \u00fcber \u00c4nderungsverbot und Quellenangabe in \u00a7 62 Abs. 1 bis 3 und \u00a7 63 Abs. 1 und 2 UrhG entsprechend anzuwenden sind.<\/li>\n<\/ul>\n<p>Als Privatperson d\u00fcrfen Sie urheberrechtlich gesch\u00fctztes Material zum privaten und sonstigen eigenen Gebrauch im Rahmen des \u00a7 53 Urheberrechtsgesetz (UrhG) verwenden. Eine Vervielf\u00e4ltigung oder Verwendung dieser Seiten oder Teilen davon in anderen elektronischen oder gedruckten Publikationen und deren Ver\u00f6ffentlichung ist nur mit unserer Einwilligung gestattet. Diese erteilen auf Anfrage die f\u00fcr den Inhalt Verantwortlichen. Der Nachdruck und die Auswertung von Pressemitteilungen und Reden sind mit Quellenangabe allgemein gestattet.<\/p>\n<p>Weiterhin k\u00f6nnen Texte, Bilder, Grafiken und sonstige Dateien ganz oder teilweise dem Urheberrecht Dritter unterliegen. Auch \u00fcber das Bestehen m\u00f6glicher Rechte Dritter geben Ihnen die f\u00fcr den Inhalt Verantwortlichen n\u00e4here Ausk\u00fcnfte, sofern diese Rechte nicht bereits durch entsprechende Hinweise im Webangebot kenntlich gemacht sind.<\/p>\n<p><strong><br \/>\nHaftungsausschluss<\/strong><\/p>\n<p>F\u00fcr die Inhalte anderer Webangebote der FAU sind die jeweiligen Einrichtungen verantwortlich.<\/p>\n<p>Alle auf dieser Internetseite bereitgestellten Informationen haben wir nach bestem Wissen und Gewissen erarbeitet und gepr\u00fcft. Eine Gew\u00e4hr f\u00fcr die jederzeitige Aktualit\u00e4t, Richtigkeit, Vollst\u00e4ndigkeit und Verf\u00fcgbarkeit der bereit gestellten Informationen k\u00f6nnen wir allerdings nicht \u00fcbernehmen. Ein Vertragsverh\u00e4ltnis mit den Nutzern des Internetangebots kommt nicht zustande.<\/p>\n<p>Wir haften nicht f\u00fcr Sch\u00e4den, die durch die Nutzung dieses Internetangebots entstehen. Dieser Haftungsausschluss gilt nicht, soweit die Vorschriften des \u00a7 839 des B\u00fcrgerlichen Gesetzbuches (Haftung bei Amtspflichtverletzung) einschl\u00e4gig sind. F\u00fcr etwaige Sch\u00e4den, die beim Aufrufen oder Herunterladen von Daten durch Schadsoftware oder der Installation oder Nutzung von Software verursacht werden, wird nicht gehaftet.<br \/>\nAls Diensteanbieter sind wir gem\u00e4\u00df \u00a7 7 Abs.1 TMG fu\u0308r eigene Inhalte auf diesen Seiten nach den allgemeinen Gesetzen verantwortlich. Nach \u00a7\u00a7 8 bis 10 TMG sind wir als Diensteanbieter jedoch nicht verpflichtet, u\u0308bermittelte oder gespeicherte fremde Informationen zu u\u0308berwachen oder nach Umst\u00e4nden zu forschen, die auf eine rechtswidrige T\u00e4tigkeit hinweisen.<br \/>\nVerpflichtungen zur Entfernung oder Sperrung der Nutzung von Informationen nach den allgemeinen Gesetzen bleiben hiervon unberu\u0308hrt. Eine diesbezu\u0308gliche Haftung ist jedoch erst ab dem Zeitpunkt der Kenntnis einer konkreten Rechtsverletzung m\u00f6glich. Bei Bekanntwerden von entsprechenden Rechtsverletzungen werden wir diese Inhalte umgehend entfernen.<br \/>\nDer Betreiber beh\u00e4lt es sich ausdr\u00fccklich vor, einzelne Webseiten, Web-Dienste oder das gesamte Angebot ohne gesonderte Ank\u00fcndigung zu ver\u00e4ndern, zu erg\u00e4nzen, zu l\u00f6schen oder die Ver\u00f6ffentlichung zeitweise oder endg\u00fcltig einzustellen.<\/p>\n<p><strong>Haftung f\u00fcr Links<\/strong><\/p>\n<p>Unser Angebot enth\u00e4lt Links zu externen Websites Dritter, auf deren Inhalte wir keinen Einfluss haben. Deshalb k\u00f6nnen wir f\u00fcr diese fremden Inhalte auch keine Gew\u00e4hr \u00fcbernehmen. F\u00fcr die Inhalte der verlinkten Seiten ist stets der jeweilige Anbieter oder Betreiber der Seiten verantwortlich. Die verlinkten Seiten wurden zum Zeitpunkt der Verlinkung auf m\u00f6gliche Rechtsverst\u00f6\u00dfe \u00fcberpr\u00fcft. Rechtswidrige Inhalte waren zum Zeitpunkt der Verlinkung nicht erkennbar.<br \/>\nEine permanente inhaltliche Kontrolle der verlinkten Seiten ist jedoch ohne konkrete Anhaltspunkte einer Rechtsverletzung nicht zumutbar. Bei Bekanntwerden von Rechtsverletzungen werden wir derartige Links umgehend entfernen.<\/p>\n","protected":false},"excerpt":{"rendered":"<p>Herausgeber Friedrich-Alexander-Universit\u00e4t Erlangen-N\u00fcrnberg Schlo\u00dfplatz 4 91054 Erlangen E-Mail: poststelle@fau.de Rechtsform und gesetzliche Vertretung K\u00f6rperschaft des \u00d6ffentlichen Rechts. Gesetzliche Vertretung nach au\u00dfen durch Pr\u00e4sident Prof. Dr. Joachim Hornegger. F\u00fcr namentlich oder mit einem gesonderten Impressum gekennzeichnete Beitr\u00e4ge liegt die Verantwortung bei den jeweiligen Autorinnen und Autoren. Verantwortlich f\u00fcr den Inhalt Dieses Impressum gilt f\u00fcr den Webauftritt <a href=\"https:\/\/minoa-itn.fau.de\/?page_id=528\" class=\"more-link\">...continue reading<span class=\"screen-reader-text\"> \"Legal notice (German)\"<\/span><\/a><\/p>\n","protected":false},"author":1,"featured_media":0,"parent":0,"menu_order":0,"comment_status":"closed","ping_status":"closed","template":"page-templates\/full-width.php","meta":{"footnotes":"","_links_to":"","_links_to_target":""},"class_list":["post-528","page","type-page","status-publish","h-entry","hentry","h-as-page"],"_links":{"self":[{"href":"https:\/\/minoa-itn.fau.de\/index.php?rest_route=\/wp\/v2\/pages\/528","targetHints":{"allow":["GET"]}}],"collection":[{"href":"https:\/\/minoa-itn.fau.de\/index.php?rest_route=\/wp\/v2\/pages"}],"about":[{"href":"https:\/\/minoa-itn.fau.de\/index.php?rest_route=\/wp\/v2\/types\/page"}],"author":[{"embeddable":true,"href":"https:\/\/minoa-itn.fau.de\/index.php?rest_route=\/wp\/v2\/users\/1"}],"replies":[{"embeddable":true,"href":"https:\/\/minoa-itn.fau.de\/index.php?rest_route=%2Fwp%2Fv2%2Fcomments&post=528"}],"version-history":[{"count":3,"href":"https:\/\/minoa-itn.fau.de\/index.php?rest_route=\/wp\/v2\/pages\/528\/revisions"}],"predecessor-version":[{"id":1719,"href":"https:\/\/minoa-itn.fau.de\/index.php?rest_route=\/wp\/v2\/pages\/528\/revisions\/1719"}],"wp:attachment":[{"href":"https:\/\/minoa-itn.fau.de\/index.php?rest_route=%2Fwp%2Fv2%2Fmedia&parent=528"}],"curies":[{"name":"wp","href":"https:\/\/api.w.org\/{rel}","templated":true}]}}