{"id":706,"date":"2019-07-01T13:16:00","date_gmt":"2019-07-01T11:16:00","guid":{"rendered":"https:\/\/minoa-itn.fau.de\/?page_id=706"},"modified":"2021-02-16T17:55:09","modified_gmt":"2021-02-16T16:55:09","slug":"our-esrs","status":"publish","type":"page","link":"https:\/\/minoa-itn.fau.de\/?page_id=706","title":{"rendered":"Our ESRs"},"content":{"rendered":"<p><img loading=\"lazy\" decoding=\"async\" class=\"right alignright\" src=\"\/wp-content\/uploads\/2019\/09\/J-Weston-1-260x300.jpg\" alt=\"\" width=\"260\" height=\"300\" \/><\/p>\n<p><strong>ESR 1: Jorge Weston<\/strong><\/p>\n<p>Host: Friedrich-Alexander-University Erlangen-Nuremberg, Germany<\/p>\n<p><!--Homepage: Twitter:--><\/p>\n<p>E-Mail: Jorge.Weston@fau.de<\/p>\n<p>&nbsp;<\/p>\n<p style=\"text-align: left;\">I am Jorge Weston, and I am doing my PhD at Friedrich-Alexander-University<br \/>\nErlangen-Nuremberg, I hold a Master degree in Scince of Industrial Engenieering<br \/>\nand a bachelor in Industrial Engenieering, both from Universidad T\u00e9cnica<br \/>\nFederico Santa Mar\u00eda in Valpara\u00edso, Chile. I have worked in robust optimization,<br \/>\nnetowrks and inventary control, and now I am working in distribution networks<br \/>\nunder uncertainty.<\/p>\n<hr \/>\n<p><img loading=\"lazy\" decoding=\"async\" class=\"right alignright\" src=\"\/wp-content\/uploads\/2019\/07\/Esteban-1-300x225.jpg\" alt=\"\" width=\"300\" height=\"225\" \/><\/p>\n<p><strong>ESR 2: Esteban Salgado<\/strong><\/p>\n<p>Host: CNR-IASI<\/p>\n<p>E-Mail: esteban.salgado@polytechnique.org<\/p>\n<p>&nbsp;<\/p>\n<p style=\"text-align: left;\">I am Esteban Salgado. I am doing a PhD at CNR-IASI (the degree is from<br \/>\nUniversit\u00e0 degli Studi di Roma \"La Sapienza\") and my project is about<br \/>\nexact methods for non-linear optimisation problems on graphs.<br \/>\nI hold a Master's degree in Optimization from \u00c9cole Polytechnique, France<br \/>\nand a Bachelor's double-degree in Engineering from \u00c9cole Polytechnique and<br \/>\nPontificia Universidad Cat\u00f3lica de Chile (I am Chilean by the way).<br \/>\nI am an evangelical Christian (not so common here, I know) and whenever<br \/>\nI have some free time I like to play basketball and try to learn some card tricks (with emphasis on try).<\/p>\n<hr \/>\n<p><img loading=\"lazy\" decoding=\"async\" class=\"right alignright\" src=\"\/wp-content\/uploads\/2019\/07\/Martina_3-1-233x300.jpeg\" alt=\"\" width=\"233\" height=\"300\" \/><\/p>\n<p><strong>ESR 3: Martina Cerulli<\/strong><\/p>\n<p>Host: \u00c9cole Polytechnique Paris, France<\/p>\n<p><!--Homepage:--><\/p>\n<p>Twitter: <a href=\"https:\/\/twitter.com\/CerulliMartina\" target=\"\" rel=\"noopener noreferrer\">@CerulliMartina<\/a><\/p>\n<p>E-Mail: mcerulli@lix.polytechnique.fr<\/p>\n<p>&nbsp;<\/p>\n<p style=\"text-align: left;\">I am Martina Cerulli and I am currently doing a PhD at CNRS<br \/>\nin Ecole Polytechnique, which is located in the south-western outskirts of Paris.<br \/>\nI\u2019m working on bilevel optimization and applications. I obtained my Bachelor\u2019s degree<br \/>\nin \u201cLogistic and Production Management Engineering\u201d from the University Federico II of Naples<br \/>\nand my Master's degree in \u201cManagement Engineering\u201d at the University La Sapienza of Rome,<br \/>\nwhere I mould my study plan by specializing in the field of optimization.<br \/>\nI love music and \u201cbinge-watching\u201d series on Netflix.<br \/>\nHow to make me mad? Putting pineapple on pizza!<\/p>\n<hr \/>\n<p><img loading=\"lazy\" decoding=\"async\" class=\"right alignright\" src=\"\/wp-content\/uploads\/2019\/07\/foto2-1-225x300.jpg\" alt=\"\" width=\"225\" height=\"300\" \/><\/p>\n<p><strong>ESR 4: Lucas Slot<\/strong><\/p>\n<p>Host: CWI Amsterdam, Netherlands<\/p>\n<p>Homepage: <a href=\"https:\/\/www.cwi.nl\/people\/lucas-slot\">https:\/\/www.cwi.nl\/people\/lucas-slot<\/a><\/p>\n<p>E-Mail: lucas.slot@cwi.nl<\/p>\n<p>&nbsp;<\/p>\n<p style=\"text-align: left;\">I am Lucas Slot. I'm doing my PhD at CWI, Amsterdam on the subject of<br \/>\nsemidefinite relaxations for polynomial optimization and quantum graph parameters.<br \/>\nI have a Master's degree in mathematics from the University of Bonn<br \/>\nand Bachelor's degrees in mathematics and computer science from the University of Amsterdam.<\/p>\n<hr \/>\n<p><img loading=\"lazy\" decoding=\"async\" class=\"right alignright\" src=\"\/wp-content\/uploads\/2019\/09\/IMG_20190817_145014-1-300x224.jpg\" alt=\"\" width=\"300\" height=\"224\" \/><\/p>\n<p><strong>ESR 5: Henri Lefebvre<\/strong><\/p>\n<p>Host: University of Bologna, Italy<\/p>\n<p><!--Homepage: Twitter: E-Mail:--><\/p>\n<p>E-Mail: henri.lefebvre@unibo.it<\/p>\n<p style=\"text-align: left;\">Hi there, I'm Henri Lefebvre. I am a Ph.D student at the University of Bologna (Italy)<br \/>\nwhere I study decomposition methods for convex non-linear mixed integer optimization.<br \/>\nI graduated from the University of Technology of Compi\u00e8gne (France) in both their<br \/>\nmaster degree and Engineering diploma. I also hold a master degree from the<br \/>\nUniversity of Genova (Italy). My master thesis was realized during an internship at<br \/>\nthe INRIA Bordeaux Sud-Ouest laboratory (France) on two-stage robust optimization with<br \/>\nbinary recourses applied to scheduling. During my free time,<br \/>\nI like running and taking part in races.<\/p>\n<hr \/>\n<p><img loading=\"lazy\" decoding=\"async\" class=\"right alignright\" src=\"\/wp-content\/uploads\/2019\/07\/IMG_4521-1-300x225.jpg\" alt=\"\" width=\"300\" height=\"225\" \/><\/p>\n<p><strong>ESR 6: Benedikt Bienh\u00fcls<\/strong><\/p>\n<p>Host: M.A.I.O.R., Italy<\/p>\n<p><!--Homepage:--><\/p>\n<p>E-Mail: benedikt.bienhuls@maior.it<\/p>\n<p>&nbsp;<\/p>\n<p style=\"text-align: left;\">My name is Benedikt Bienh\u00fcls and I am in the PhD program at the \"Universit\u00e0 di Pisa\".<br \/>\nI work in close collaboration with MAIOR, a company that develops software for the<br \/>\ntransportation industry. We work on integrated planning as well as disruption<br \/>\nmanagement decisions in public transport systems. I hold both a Bachelor's and a<br \/>\nMaster's degree in business mathematics at the \"Technische Universit\u00e4t Dortmund\"<br \/>\nin Germany.<br \/>\nBesides enjoying beautiful places and great food in Tuscany and Italy in general,<br \/>\nI also like doing sports, playing board games and (sometimes) solving logic riddles.<\/p>\n<hr \/>\n<p><img loading=\"lazy\" decoding=\"async\" class=\"size-medium wp-image-1147 alignright\" src=\"https:\/\/minoa-itn.fau.de\/wp-content\/uploads\/2020\/11\/ESR07_nicolo-225x300.jpeg\" alt=\"\" width=\"225\" height=\"300\" srcset=\"https:\/\/minoa-itn.fau.de\/wp-content\/uploads\/2020\/11\/ESR07_nicolo-225x300.jpeg 225w, https:\/\/minoa-itn.fau.de\/wp-content\/uploads\/2020\/11\/ESR07_nicolo.jpeg 600w\" sizes=\"auto, (max-width: 225px) 100vw, 225px\" \/><\/p>\n<p><strong>ESR 7 (\/13): Nicol\u00f2 Gusmeroli<\/strong><\/p>\n<p>Host: TU Dortmund, Germany<\/p>\n<p><!--Homepage: Twitter:--><\/p>\n<p>E-Mail: nicolo.gusmeroli@math.tu-dortmund.de<\/p>\n<p>&nbsp;<\/p>\n<p style=\"text-align: left;\">I am Nicol\u00f2 Gusmeroli and I am currently working at the TU Dortmund with<br \/>\nChristoph Buchheim. I did my bachelor in Verona (with an Erasmus semester<br \/>\nin Koper) and the master in Budapest. Moreover I did research for three years in Klagenfurt.<br \/>\nI love nature, especially the mountains. I enjoy trekking, skiing, traveling,<br \/>\nreading, and doing sports.<\/p>\n<hr \/>\n<p><!--\n<strong>ESR 7: Auste Grigaite<\/strong>\n\nHost: TU Dortmund, Germany\n\nE-Mail: auste.grigaite@math.tu-dortmund.de\n\n&nbsp;\n\n\n<p style=\"text-align: left;\">I am Auste Grigaite, a PhD student in TU Dortmund. I work on\nCombinatorial Optimal Control problems, focusing on discrete optimization\nmethods.\nI completed my Bachelors in Mathematics at The University of Edinburgh,\nand later my Masters in Pure Mathematics at Imperial College London.\nBesides mathematics, I am very much into various outdoor activities,\nspending my holidays somewhere in the mountains.\n\n&nbsp;\n\n&nbsp;\n--><\/p>\n<p><img loading=\"lazy\" decoding=\"async\" class=\"right alignright\" src=\"\/wp-content\/uploads\/2019\/07\/Duy3-1-220x300.jpg\" alt=\"\" width=\"220\" height=\"300\" \/><\/p>\n<p><strong>ESR 8: Tran Bao Duy<\/strong><\/p>\n<p>Host: Ruprecht-Karls-University Heidelberg, Germany<\/p>\n<p><!--Homepage:--><\/p>\n<p>E-Mail: baoduy.tran@uni-heidelberg.de<\/p>\n<p>&nbsp;<\/p>\n<p style=\"text-align: left;\">I am Tran Bao Duy. My Ph.D. project's topic is<br \/>\n\"Efficient methods for optimal online operation of complex switched systems\",<br \/>\nand my host institution is Ruprecht-Karls-Universit\u00e4t Heidelberg.<br \/>\nI hold a Master's degree in Applied Mathematics from the University of Limoges<br \/>\nin France and a Bachelor's degree in Mathematics from Quy Nhon University in Vietnam.<br \/>\nMy hobbies are reading, badminton, football, photographer, and traveling.<\/p>\n<hr \/>\n<p><img loading=\"lazy\" decoding=\"async\" class=\"right alignright\" src=\"\/wp-content\/uploads\/2019\/07\/ESR09-1-300x263.jpeg\" alt=\"\" width=\"300\" height=\"263\" \/><\/p>\n<p><strong>ESR 9: Naga Venkata Chaitanya Gudapati<\/strong><\/p>\n<p>Host: University of Bologna, Italy<\/p>\n<p>Homepage: <a href=\"https:\/\/www.cgudapati.com\/\">https:\/\/www.cgudapati.com\/<\/a><\/p>\n<p>Instagram: thundering_gherkins<\/p>\n<p>E-Mail: nagavenkata.gudapati@studio.unibo.it<\/p>\n<p>&nbsp;<\/p>\n<p style=\"text-align: left;\">I am Chaitanya Gudapati and I am currently an<br \/>\nEarly Stage Researcher at University of Bologna. I am currently working in the area of<br \/>\nMixed Integer Non-Linear optimization problems in identifying dense subgraphs in<br \/>\nvarious networks. I also have keen interest in Numerical Optimization and Computational<br \/>\nMethods for Optimization. I have a Master\u2019s degree in Industrial and Systems Engineering<br \/>\nfrom Lehigh University and a Bachelor\u2019s degree in Chemical Engineering from IIT Madras.<br \/>\nI am an avid hiker and also I also enjoy running. I would like though hike the<br \/>\nAppalachian Trail in future.<\/p>\n<hr \/>\n<p><img loading=\"lazy\" decoding=\"async\" class=\"right alignright\" src=\"\/wp-content\/uploads\/2019\/07\/shudian2-1-300x169.jpg\" alt=\"\" width=\"380\" height=\"280\" \/><\/p>\n<p><strong>ESR 10: Shudian Zhao<\/strong><\/p>\n<p>Host: Alpen-Adria-University Klagenfurt, Austria<\/p>\n<p>Homepage: <a href=\"https:\/\/www.aau.at\/en\/team\/zhao-shudian\/\">https:\/\/www.aau.at\/en\/team\/zhao-shudian\/<\/a><\/p>\n<p>E-Mail: shudian.zhao@aau.at<\/p>\n<p>&nbsp;<\/p>\n<p style=\"text-align: left;\">I am Shudian Zhao. I am doing a PhD at Alpen-Adria-Universit\u00e4t of<br \/>\nKlagenfurt and my project is about solving semidefinite programs<br \/>\nnumerically. I hold a Master's degree in Machine Learning from<br \/>\nImperial College London and a Bachelor's double-degree in<br \/>\nMathematics from the University of Reading in UK and Nanjing<br \/>\nUniversity of Information Science and Technology (NUIST) in China. I<br \/>\nlove music, literature and movies, and one of my new habits is<br \/>\nsending postcards to myself while traveling.<\/p>\n<hr \/>\n<p><img loading=\"lazy\" decoding=\"async\" class=\"right alignright\" src=\"\/wp-content\/uploads\/2019\/07\/ESR11-1-225x300.jpg\" alt=\"\" width=\"225\" height=\"300\" \/><\/p>\n<p><strong>ESR 11: Daniel Brosch<\/strong><\/p>\n<p>Host: Tilburg University, Netherlands<\/p>\n<p><!--Homepage:--><\/p>\n<p>E-Mail: D.Brosch@uvt.nl<\/p>\n<p>&nbsp;<\/p>\n<p style=\"text-align: left;\">I am Daniel Brosch, one of the PhD-students of Etienne de Klerk at Tilburg University.<br \/>\nAt the moment I am working on symmetry reducing semidefinite relaxations of<br \/>\nquadratic assignment problems, which basically means that I try to make it easier<br \/>\nto get approximations of very hard problems, by exploiting their symmetries and structure.<br \/>\nGenerally my mathematical interests are (convex) optimization, combinatorics,<br \/>\ngraph theory and algebra. Before moving to the Netherlands I did both<br \/>\nmy Bachelor's and Master's degree in Mathematics in Cologne, Germany.<br \/>\nOutside of work I enjoy reading, playing badminton, watching shows,<br \/>\ndancing, and the occasional video game.<\/p>\n<hr \/>\n<p><img loading=\"lazy\" decoding=\"async\" class=\"right alignright\" src=\"\/wp-content\/uploads\/2019\/07\/20190710_220125-1-208x300.jpg\" alt=\"\" width=\"208\" height=\"300\" \/><\/p>\n<p><strong>ESR 12: Davi Castro-Silva<\/strong><\/p>\n<p>Host: University of Cologne, Germany<\/p>\n<p>Homepage: <a href=\"http:\/\/www.mi.uni-koeln.de\/opt\/davi-castro-silva\/\">http:\/\/www.mi.uni-koeln.de\/opt\/davi-castro-silva\/<\/a><\/p>\n<p>E-Mail: dcastros@uni-koeln.de<\/p>\n<p>&nbsp;<\/p>\n<p style=\"text-align: left;\">I am Davi de Castro Silva, and I\u2019m currently doing my PhD in mathematics at<br \/>\nthe University of Cologne in Germany. I hold a Bachelor's degree in engineering<br \/>\nfrom Ecole Polytechnique (in France), and a double Master's degree in<br \/>\napplied mathematics and computer science from Ecole Polytechnique and IMPA (in Brazil).<br \/>\nI enjoy reading science fiction, trekking and traveling.<\/p>\n<hr \/>\n<p><!-- <strong>ESR 13: Nicolo Gusmeroli<\/strong>\n\nHost: TU Dortmund, Germany\n\nHomepage:\n\nTwitter:\n\nE-Mail:\n\n<em>About me:<\/em>\n\n&nbsp;\n\n\n\n<hr \/>\n\n\n\n<strong>ESR 14: <\/strong>\n\nHost: Ruprecht-Karls-University Heidelberg, Germany\n\nHomepage:\n\nTwitter:\n\nE-Mail:\n\n<em>About me:<\/em>\n\n&nbsp;\n\n\n\n<hr \/>\n\n\n\n--><\/p>\n<p><img loading=\"lazy\" decoding=\"async\" class=\"right alignright\" src=\"https:\/\/minoa-itn.fau.de\/wp-content\/uploads\/2021\/02\/schwiddessen_jan-225x300.jpg\" alt=\"\" width=\"208\" height=\"300\" \/><\/p>\n<p><strong>ESR 15: Jan Schwiddessen<\/strong><\/p>\n<p>Host: Alpen-Adria-University Klagenfurt, Austria<\/p>\n<p>Homepage: <a href=\"https:\/\/www.aau.at\/team\/schwiddessen-jan\/\">hhttps:\/\/www.aau.at\/team\/schwiddessen-jan\/<\/a><\/p>\n<p>E-Mail: Jan.Schwiddessen@aau.at<\/p>\n<p>&nbsp;<\/p>\n<p style=\"text-align: left;\">Hi, my name is Jan Schwiddessen. I have a Bachelor's and Master's degree in Mathematics and Economics from the TU Dortmund University. My research interests include combinatorial optimization, graph theory and semidefinite optimization. I currently work on semidefinite relaxations for the double row facility layout problem (DRFLP) at the University of Klagenfurt. In my free time, I enjoy playing board games, drinking tea, reading and doing sports.\n<\/p>\n<hr \/>\n<p><img loading=\"lazy\" decoding=\"async\" class=\"right alignright\" src=\"\/wp-content\/uploads\/2019\/07\/Dennis-1.jpg\" alt=\"\" width=\"199\" height=\"300\" \/><\/p>\n<p><strong>Project Manager: Dennis Adelh\u00fctte<\/strong><\/p>\n<p>Host: Friedrich-Alexander-University Erlangen-Nuremberg, Germany<\/p>\n<p>Homepage: <a href=\"https:\/\/en.www.math.fau.de\/edom\/team\/dennis-adelhutte\/\">https:\/\/en.www.math.fau.de\/edom\/team\/dennis-adelhutte\/<\/a><\/p>\n<p>E-Mail: dennis.adelhuette@fau.de<\/p>\n<p>&nbsp;<\/p>\n<p style=\"text-align: left;\">My name is Dennis Adelhuette and I am the project manager of MINOA and a<br \/>\nPhD Student at Friedrich-Alexander-University Erlangen-Nuremberg. I am interested in<br \/>\nrobust optimisation, in particular under discrete variables. At the moment, I am doing research on<br \/>\nthe field of robust logistics. Beforehand, I analysed robust-stochastic gas networks under demand<br \/>\nuncertainty in my master's thesis.<br \/>\nIn my free time, I like playing chess, music, going out and hiking - especially in my favorite country Australia.<\/p>\n<p>&nbsp;<\/p>\n","protected":false},"excerpt":{"rendered":"<p>ESR 1: Jorge Weston Host: Friedrich-Alexander-University Erlangen-Nuremberg, Germany E-Mail: Jorge.Weston@fau.de &nbsp; I am Jorge Weston, and I am doing my PhD at Friedrich-Alexander-University Erlangen-Nuremberg, I hold a Master degree in Scince of Industrial Engenieering and a bachelor in Industrial Engenieering, both from Universidad T\u00e9cnica Federico Santa Mar\u00eda in Valpara\u00edso, Chile. I have worked in robust <a href=\"https:\/\/minoa-itn.fau.de\/?page_id=706\" class=\"more-link\">...continue reading<span class=\"screen-reader-text\"> \"Our ESRs\"<\/span><\/a><\/p>\n","protected":false},"author":1,"featured_media":0,"parent":0,"menu_order":0,"comment_status":"closed","ping_status":"closed","template":"page-templates\/full-width.php","meta":{"footnotes":"","_links_to":"","_links_to_target":""},"class_list":["post-706","page","type-page","status-publish","h-entry","hentry","h-as-page"],"_links":{"self":[{"href":"https:\/\/minoa-itn.fau.de\/index.php?rest_route=\/wp\/v2\/pages\/706","targetHints":{"allow":["GET"]}}],"collection":[{"href":"https:\/\/minoa-itn.fau.de\/index.php?rest_route=\/wp\/v2\/pages"}],"about":[{"href":"https:\/\/minoa-itn.fau.de\/index.php?rest_route=\/wp\/v2\/types\/page"}],"author":[{"embeddable":true,"href":"https:\/\/minoa-itn.fau.de\/index.php?rest_route=\/wp\/v2\/users\/1"}],"replies":[{"embeddable":true,"href":"https:\/\/minoa-itn.fau.de\/index.php?rest_route=%2Fwp%2Fv2%2Fcomments&post=706"}],"version-history":[{"count":6,"href":"https:\/\/minoa-itn.fau.de\/index.php?rest_route=\/wp\/v2\/pages\/706\/revisions"}],"predecessor-version":[{"id":1399,"href":"https:\/\/minoa-itn.fau.de\/index.php?rest_route=\/wp\/v2\/pages\/706\/revisions\/1399"}],"wp:attachment":[{"href":"https:\/\/minoa-itn.fau.de\/index.php?rest_route=%2Fwp%2Fv2%2Fmedia&parent=706"}],"curies":[{"name":"wp","href":"https:\/\/api.w.org\/{rel}","templated":true}]}}